{"id":4259,"date":"2024-03-27T12:12:23","date_gmt":"2024-03-27T11:12:23","guid":{"rendered":"http:\/\/www.energores.pl\/?page_id=4259"},"modified":"2024-03-27T12:21:51","modified_gmt":"2024-03-27T11:21:51","slug":"poradniki","status":"publish","type":"page","link":"https:\/\/www.energores.pl\/?page_id=4259","title":{"rendered":"Poradniki"},"content":{"rendered":"<section data-bb-version=\"4.8.8\" id=\"bt_bb_section69f0f91435746\" class=\"bt_bb_section bt_bb_layout_boxed_1200 bt_bb_vertical_align_top bt_bb_top_spacing_large bt_bb_bottom_spacing_large\"  data-bt-override-class=\"{&quot;bt_bb_top_spacing_&quot;:{&quot;current_class&quot;:&quot;bt_bb_top_spacing_large&quot;,&quot;def&quot;:&quot;large&quot;},&quot;bt_bb_bottom_spacing_&quot;:{&quot;current_class&quot;:&quot;bt_bb_bottom_spacing_large&quot;,&quot;def&quot;:&quot;large&quot;}}\"><div class=\"bt_bb_port\"><div class=\"bt_bb_cell\"><div class=\"bt_bb_cell_inner\"><div class=\"bt_bb_row \"  data-bt-override-class=\"{}\"><div class=\"bt_bb_row_holder\" ><div data-bb-version=\"4.8.8\"  class=\"bt_bb_column col-xxl-12 col-xl-12 col-xs-12 col-sm-12 col-md-12 col-lg-12 bt_bb_vertical_align_top bt_bb_align_left bt_bb_padding_normal\" style=\"; --column-width:12;\" data-width=\"12\" data-bt-override-class=\"{}\"><div class=\"bt_bb_column_content\"><div class=\"bt_bb_column_content_inner\"><div data-bb-version=\"4.8.8\" class=\"bt_bb_latest_posts bt_bb_columns_3 bt_bb_gap_normal bt_bb_image_shape_square\"><div class=\"bt_bb_latest_posts_item\"><div class=\"bt_bb_latest_posts_item_image\"><a href=\"https:\/\/www.energores.pl\/?p=4268\" target=\"_self\"><img decoding=\"async\" src=\"https:\/\/www.energores.pl\/wp-content\/uploads\/2024\/05\/Jak-odpowiednio-ustawic-klimatyzacje-w-upalne-dni-640x427.jpg\" alt=\"Jak odpowiednio ustawi\u0107 klimatyzacj\u0119 w upalne dni?\" title=\"Jak odpowiednio ustawi\u0107 klimatyzacj\u0119 w upalne dni?\"><\/a><\/div><div class=\"bt_bb_latest_posts_item_content\"><h5 class=\"bt_bb_latest_posts_item_title\"><a href=\"https:\/\/www.energores.pl\/?p=4268\" target=\"_self\">Jak odpowiednio ustawi\u0107 klimatyzacj\u0119 w upalne dni?<\/a><\/h5><div class=\"bt_bb_latest_posts_item_excerpt\">Gdy temperatura na zewn\u0105trz ro\u015bnie, klimatyzacja staje si\u0119 niezast\u0105pionym sprzymierze\u0144cem w zapewnieniu komfortu w naszych domach. Ale czy wiesz, jak odpowiednio ustawi\u0107 klimatyzacj\u0119, aby osi\u0105gn\u0105\u0107 optymalne warunki w pomieszczeniach? Dzi\u015b podpowiemy Ci kilka prostych, ale skutecznych sposob\u00f3w na skuteczne ch\u0142odzenie wn\u0119trz. &nbsp; 1. Dostosuj temperatur\u0119 do warunk\u00f3w zewn\u0119trznych Kiedy na zewn\u0105trz robi si\u0119 naprawd\u0119 gor\u0105co,...<\/div><\/div><\/div><div class=\"bt_bb_latest_posts_item\"><div class=\"bt_bb_latest_posts_item_image\"><a href=\"https:\/\/www.energores.pl\/?p=4255\" target=\"_self\"><img decoding=\"async\" src=\"https:\/\/www.energores.pl\/wp-content\/uploads\/2024\/03\/Odmiany-klimatyzacji-domowej-i-przemyslowej-\u2013-jak-wybrac-idealna-dla-siebie-640x427.jpg\" alt=\"Odmiany klimatyzacji domowej i przemys\u0142owej \u2013 jak wybra\u0107 idealn\u0105 dla siebie?\" title=\"Odmiany klimatyzacji domowej i przemys\u0142owej \u2013 jak wybra\u0107 idealn\u0105 dla siebie?\"><\/a><\/div><div class=\"bt_bb_latest_posts_item_content\"><h5 class=\"bt_bb_latest_posts_item_title\"><a href=\"https:\/\/www.energores.pl\/?p=4255\" target=\"_self\">Odmiany klimatyzacji domowej i przemys\u0142owej \u2013 jak wybra\u0107 idealn\u0105 dla siebie?<\/a><\/h5><div class=\"bt_bb_latest_posts_item_excerpt\">Z nadej\u015bciem upalnych dni lato staje si\u0119 wyzwaniem dla wielu mieszka\u0144c\u00f3w Rzeszowa. Wysokie temperatury mog\u0105 by\u0107 nie tylko uci\u0105\u017cliwe, ale tak\u017ce wp\u0142ywa\u0107 negatywnie na nasze zdrowie i samopoczucie. Na szcz\u0119\u015bcie istnieje rozwi\u0105zanie, kt\u00f3re zapewni Ci komfort nawet w najgor\u0119tsze dni \u2013 klimatyzacja. Dzi\u015b chcemy Ci przedstawi\u0107 r\u00f3\u017cne rodzaje klimatyzacji domowej i przemys\u0142owej, aby\u015b m\u00f3g\u0142 dokona\u0107...<\/div><\/div><\/div><div class=\"bt_bb_latest_posts_item\"><div class=\"bt_bb_latest_posts_item_image\"><a href=\"https:\/\/www.energores.pl\/?p=4251\" target=\"_self\"><img decoding=\"async\" src=\"https:\/\/www.energores.pl\/wp-content\/uploads\/2024\/03\/klimatyzacja-rzeszow-serwis-klimatyzacji-640x427.jpg\" alt=\"Zapomnij o upa\u0142ach! Serwis klimatyzacji w Rzeszowie &#8211; Energores zapewnia komfort na wysokim poziomie\" title=\"Zapomnij o upa\u0142ach! Serwis klimatyzacji w Rzeszowie &#8211; Energores zapewnia komfort na wysokim poziomie\"><\/a><\/div><div class=\"bt_bb_latest_posts_item_content\"><h5 class=\"bt_bb_latest_posts_item_title\"><a href=\"https:\/\/www.energores.pl\/?p=4251\" target=\"_self\">Zapomnij o upa\u0142ach! Serwis klimatyzacji w Rzeszowie &#8211; Energores zapewnia komfort na wysokim poziomie<\/a><\/h5><div class=\"bt_bb_latest_posts_item_excerpt\">Czy upalne dni lata w Rzeszowie staj\u0105 si\u0119 dla Ciebie nie do zniesienia? Czy szukasz rozwi\u0105zania, kt\u00f3re zagwarantuje Ci komfort nawet w najgor\u0119tsze dni? W takim razie zapraszam Ci\u0119 do zapoznania si\u0119 z nasz\u0105 firm\u0105, specjalizuj\u0105c\u0105 si\u0119 w serwisie klimatyzacji w Rzeszowie. Jeste\u015bmy Energores &#8211; firma z ugruntowan\u0105 pozycj\u0105 na rynku klimatyzacji w Rzeszowie. Dzia\u0142amy...<\/div><\/div><\/div><div class=\"bt_bb_latest_posts_item\"><div class=\"bt_bb_latest_posts_item_image\"><a href=\"https:\/\/www.energores.pl\/?p=4223\" target=\"_self\"><img decoding=\"async\" src=\"https:\/\/www.energores.pl\/wp-content\/uploads\/2023\/06\/klimatyzacja-rzeszow-energores-montaz-klimatyzacji-640x427.jpg\" alt=\"Korzy\u015bci klimatyzacji w Rzeszowie &#8211; Energores pomo\u017ce Ci si\u0119 och\u0142odzi\u0107!\" title=\"Korzy\u015bci klimatyzacji w Rzeszowie &#8211; Energores pomo\u017ce Ci si\u0119 och\u0142odzi\u0107!\"><\/a><\/div><div class=\"bt_bb_latest_posts_item_content\"><h5 class=\"bt_bb_latest_posts_item_title\"><a href=\"https:\/\/www.energores.pl\/?p=4223\" target=\"_self\">Korzy\u015bci klimatyzacji w Rzeszowie &#8211; Energores pomo\u017ce Ci si\u0119 och\u0142odzi\u0107!<\/a><\/h5><div class=\"bt_bb_latest_posts_item_excerpt\">Wraz z nadej\u015bciem upalnych dni lato staje si\u0119 wyzwaniem dla wielu mieszka\u0144c\u00f3w Rzeszowa. Wysokie temperatury mog\u0105 by\u0107 nie tylko uci\u0105\u017cliwe, ale tak\u017ce wp\u0142ywa\u0107 negatywnie na nasze zdrowie i samopoczucie. Na szcz\u0119\u015bcie istnieje rozwi\u0105zanie, kt\u00f3re zapewni Ci komfort nawet w najgor\u0119tsze dni &#8211; klimatyzacja. Dzi\u015b chcemy Ci przedstawi\u0107 nasz\u0105 firm\u0119 zajmuj\u0105c\u0105 si\u0119 instalacj\u0105 klimatyzacji w Rzeszowie....<\/div><\/div><\/div><div class=\"bt_bb_latest_posts_item\"><div class=\"bt_bb_latest_posts_item_image\"><a href=\"https:\/\/www.energores.pl\/?p=4210\" target=\"_self\"><img decoding=\"async\" src=\"https:\/\/www.energores.pl\/wp-content\/uploads\/2018\/10\/gallery_projects_12-640x427.jpg\" alt=\"Monta\u017c klimatyzacji Rzesz\u00f3w &#8211; Energores\" title=\"Monta\u017c klimatyzacji Rzesz\u00f3w &#8211; Energores\"><\/a><\/div><div class=\"bt_bb_latest_posts_item_content\"><h5 class=\"bt_bb_latest_posts_item_title\"><a href=\"https:\/\/www.energores.pl\/?p=4210\" target=\"_self\">Monta\u017c klimatyzacji Rzesz\u00f3w &#8211; Energores<\/a><\/h5><div class=\"bt_bb_latest_posts_item_excerpt\">Monta\u017c klimatyzacji Rzesz\u00f3w: Dlaczego warto zainwestowa\u0107 w komfort? W dzisiejszych czasach, kiedy temperatura latem mo\u017ce si\u0119ga\u0107 ekstremalnych warto\u015bci, coraz wi\u0119ksza liczba os\u00f3b zastanawia si\u0119 nad zamontowaniem klimatyzacji w swoim domu lub miejscu pracy. Rzesz\u00f3w, b\u0119d\u0105cy jednym z dynamicznie rozwijaj\u0105cych si\u0119 miast w Polsce, nie jest wyj\u0105tkiem. Monta\u017c klimatyzacji w Rzeszowie staje si\u0119 coraz popularniejszy, poniewa\u017c...<\/div><\/div><\/div><div class=\"bt_bb_latest_posts_item\"><div class=\"bt_bb_latest_posts_item_image\"><a href=\"https:\/\/www.energores.pl\/?p=4203\" target=\"_self\"><img decoding=\"async\" src=\"https:\/\/www.energores.pl\/wp-content\/uploads\/2021\/03\/klimatyzacja-rzeszow.jpg\" alt=\"Klimatyzacja Rzesz\u00f3w &#8211; Energores Rzesz\u00f3w\" title=\"Klimatyzacja Rzesz\u00f3w &#8211; Energores Rzesz\u00f3w\"><\/a><\/div><div class=\"bt_bb_latest_posts_item_content\"><h5 class=\"bt_bb_latest_posts_item_title\"><a href=\"https:\/\/www.energores.pl\/?p=4203\" target=\"_self\">Klimatyzacja Rzesz\u00f3w &#8211; Energores Rzesz\u00f3w<\/a><\/h5><div class=\"bt_bb_latest_posts_item_excerpt\">Klimatyzacja Rzesz\u00f3w &#8211; gwarantujemy najwy\u017csz\u0105 jako\u015b\u0107 us\u0142ug Je\u015bli szukasz profesjonalnej firmy zajmuj\u0105cej si\u0119 klimatyzacj\u0105 w Rzeszowie, to trafi\u0142e\u015b w dobre miejsce. Nasza firma oferuje szeroki wyb\u00f3r rozwi\u0105za\u0144 z zakresu klimatyzacji, zar\u00f3wno dla dom\u00f3w jednorodzinnych, jak i dla wi\u0119kszych budynk\u00f3w u\u017cytkowych. Oferujemy monta\u017c, serwis i konserwacj\u0119 klimatyzator\u00f3w r\u00f3\u017cnych marek, takich jak: LG, Daikin, Mitsubishi Electric i...<\/div><\/div><\/div><\/div><\/div><\/div><\/div><\/div><\/div><\/div><!-- cell_inner --><\/div><!-- cell --><\/div><!-- port --><\/section>\n","protected":false},"excerpt":{"rendered":"","protected":false},"author":1,"featured_media":0,"parent":0,"menu_order":0,"comment_status":"closed","ping_status":"closed","template":"","meta":{"footnotes":""},"class_list":["post-4259","page","type-page","status-publish","hentry"],"_links":{"self":[{"href":"https:\/\/www.energores.pl\/index.php?rest_route=\/wp\/v2\/pages\/4259","targetHints":{"allow":["GET"]}}],"collection":[{"href":"https:\/\/www.energores.pl\/index.php?rest_route=\/wp\/v2\/pages"}],"about":[{"href":"https:\/\/www.energores.pl\/index.php?rest_route=\/wp\/v2\/types\/page"}],"author":[{"embeddable":true,"href":"https:\/\/www.energores.pl\/index.php?rest_route=\/wp\/v2\/users\/1"}],"replies":[{"embeddable":true,"href":"https:\/\/www.energores.pl\/index.php?rest_route=%2Fwp%2Fv2%2Fcomments&post=4259"}],"version-history":[{"count":5,"href":"https:\/\/www.energores.pl\/index.php?rest_route=\/wp\/v2\/pages\/4259\/revisions"}],"predecessor-version":[{"id":4264,"href":"https:\/\/www.energores.pl\/index.php?rest_route=\/wp\/v2\/pages\/4259\/revisions\/4264"}],"wp:attachment":[{"href":"https:\/\/www.energores.pl\/index.php?rest_route=%2Fwp%2Fv2%2Fmedia&parent=4259"}],"curies":[{"name":"wp","href":"https:\/\/api.w.org\/{rel}","templated":true}]}}