{"id":4004,"date":"2021-03-23T13:58:58","date_gmt":"2021-03-23T12:58:58","guid":{"rendered":"http:\/\/www.energores.pl\/?page_id=4004"},"modified":"2021-03-23T14:40:25","modified_gmt":"2021-03-23T13:40:25","slug":"elektryczne-systemy-grzejne","status":"publish","type":"page","link":"https:\/\/www.energores.pl\/?page_id=4004","title":{"rendered":"Elektryczne systemy grzejne"},"content":{"rendered":"<p><section id=\"bt_bb_section69f10b74df0fe\" class=\"bt_bb_section bt_bb_layout_boxed_1200 bt_bb_vertical_align_top bt_bb_background_overlay_cross_top bt_bb_top_spacing_large bt_bb_bottom_spacing_medium bt_bb_background_overlay_cross_top\"  data-bt-override-class=\"null\"><div class=\"bt_bb_port\"><div class=\"bt_bb_cell\"><div class=\"bt_bb_cell_inner\"><div class=\"bt_bb_row \"  data-bt-override-class=\"{}\"><div class=\"bt_bb_row_holder\" ><div  class=\"bt_bb_column col-xxl-12 col-xl-12 bt_bb_vertical_align_top bt_bb_align_left bt_bb_padding_normal bt_bb_hidden_xs bt_bb_hidden_ms bt_bb_hidden_sm\" style=\"; --column-width:12;\" data-width=\"12\" data-bt-override-class=\"{}\"><div class=\"bt_bb_column_content\"><div class=\"bt_bb_column_content_inner\"><div class=\"bt_bb_separator_v2 bt_bb_border_style_none bt_bb_top_spacing_normal bt_bb_bottom_spacing_medium bt_bb_icon_size_normal bt_bb_text_size_normal bt_bb_separator_v2_without_content\" data-bt-override-class=\"null\"><div class=\"bt_bb_separator_v2_inner\"><span class=\"bt_bb_separator_v2_inner_before\"><\/span><span class=\"bt_bb_separator_v2_inner_content\"><span  data-ico-=\"\" class=\"bt_bb_icon_holder\"><\/span><\/span><span class=\"bt_bb_separator_v2_inner_after\"><\/span><\/div><\/div><\/div><\/div><\/div><\/div><\/div><div class=\"bt_bb_row \"  data-bt-override-class=\"{}\"><div class=\"bt_bb_row_holder\" ><div  class=\"bt_bb_column col-xxl-12 col-xl-12 col-xs-12 col-sm-12 col-md-12 col-lg-12 bt_bb_vertical_align_top bt_bb_align_left bt_bb_padding_normal bt_bb_animation_fade_in animate\" style=\"; --column-width:12;\" data-width=\"12\" data-bt-override-class=\"{}\"><div class=\"bt_bb_column_content\"><div class=\"bt_bb_column_content_inner\"><header class=\"bt_bb_headline bt_bb_subheadline_font_weight_normal bt_bb_dash_none bt_bb_size_large bt_bb_superheadline bt_bb_subheadline bt_bb_align_inherit\"><h1><span class=\"bt_bb_headline_superheadline\">Oferta ENERGORES Rzesz\u00f3w<\/span><span class=\"bt_bb_headline_content\"><span ><b>Elektryczne systemy grzejne<\/b><br \/><br \/>\nmonta\u017c \/ serwis<br \/><br \/>\n<\/span><\/span><\/h1><div class=\"bt_bb_headline_subheadline\">W ostatnich latach coraz bardziej rozpowszechnia si\u0119 ogrzewanie pomieszcze\u0144 z wykorzystaniem energii elektrycznej. Przyczyn sta\u0142ego wzrostu popularno\u015bci tego rodzaju ogrzewania jest kilka:<\/p><br \/>\n<p>1. Domy budowane s\u0105 lub modernizowane z materia\u0142\u00f3w o coraz lepszych w\u0142a\u015bciwo\u015bciach cieplnych.<br \/><br \/>\n2. Koszt inwestycji wszelkiego typu grzejnik\u00f3w elektrycznych, w\u0142\u0105cznie z ogrzewaniem pod\u0142ogowym, jest ni\u017cszy od innych system\u00f3w.<br \/><br \/>\n3. Regulacja temperatury w pomieszczeniu jest bardzo prosta i mo\u017ce uwzgl\u0119dnia\u0107 wszystkie wymagania.<br \/><br \/>\n4. Energia elektryczna jest uznawana za energi\u0119 ekologicznie czyst\u0105, nie powoduj\u0105c\u0105 \u017cadnych zanieczyszcze\u0144 w miejscu eksploatacji i w jego otoczeniu.<br \/><br \/>\n5. Zwi\u0119ksza si\u0119 dost\u0119pno\u015b\u0107 do sieci energetycznej, a tak\u017ce przewidywany jest nadmiar energii elektrycznej w kraju w najbli\u017cszych latach.<br \/><br \/>\n6. Sprawno\u015b\u0107 wszystkich typ\u00f3w grzejnik\u00f3w elektrycznych jest bliska 100%. Nie wyst\u0119puj\u0105 straty wynikaj\u0105ce ze spalania paliwa, przesy\u0142u medium grzewczego czy konstrukcji samego kot\u0142a.<br \/><br \/>\n7. Zb\u0119dne s\u0105 brudne pomieszczenia, takie jak kot\u0142ownia, a ca\u0142a instalacja grzewcza jest niewidoczna.<br \/><br \/>\n8. Domy budowane s\u0105 lub modernizowane z materia\u0142\u00f3w o coraz lepszych w\u0142a\u015bciwo\u015bciach cieplnych.<br \/><br \/>\n9. Koszt inwestycji wszelkiego typu grzejnik\u00f3w elektrycznych, w\u0142\u0105cznie z ogrzewaniem pod\u0142ogowym, jest ni\u017cszy od innych system\u00f3w.<br \/><br \/>\n10. Regulacja temperatury w pomieszczeniu jest bardzo prosta i mo\u017ce uwzgl\u0119dnia\u0107 wszystkie wymagania.<br \/><br \/>\n11. Energia elektryczna jest uznawana za energi\u0119 ekologicznie czyst\u0105, nie powoduj\u0105c\u0105 \u017cadnych zanieczyszcze\u0144 w miejscu eksploatacji i w jego otoczeniu.<br \/><br \/>\n12. Zwi\u0119ksza si\u0119 dost\u0119pno\u015b\u0107 do sieci energetycznej, a tak\u017ce przewidywany jest nadmiar energii elektrycznej w kraju w najbli\u017cszych latach.<br \/><br \/>\n13. Sprawno\u015b\u0107 wszystkich typ\u00f3w grzejnik\u00f3w elektrycznych jest bliska 100%. Nie wyst\u0119puj\u0105 straty wynikaj\u0105ce ze spalania paliwa, przesy\u0142u medium grzewczego czy konstrukcji samego kot\u0142a.<br \/><br \/>\n14. Zb\u0119dne s\u0105 brudne pomieszczenia, takie jak kot\u0142ownia, a ca\u0142a instalacja grzewcza jest niewidoczna.<br \/><br \/>\n<\/div><\/header><div class=\"bt_bb_separator_v2 bt_bb_border_style_none bt_bb_bottom_spacing_medium bt_bb_icon_size_normal bt_bb_text_size_normal bt_bb_separator_v2_without_content\" data-bt-override-class=\"null\"><div class=\"bt_bb_separator_v2_inner\"><span class=\"bt_bb_separator_v2_inner_before\"><\/span><span class=\"bt_bb_separator_v2_inner_content\"><span  data-ico-=\"\" class=\"bt_bb_icon_holder\"><\/span><\/span><span class=\"bt_bb_separator_v2_inner_after\"><\/span><\/div><\/div><\/div><\/div><\/div><\/div><\/div><div class=\"bt_bb_row \"  data-bt-override-class=\"{}\"><div class=\"bt_bb_row_holder\" ><div  class=\"bt_bb_column col-xxl-12 col-xl-12 col-xs-12 col-sm-12 col-md-12 col-lg-12 bt_bb_vertical_align_top bt_bb_align_left bt_bb_padding_normal\" style=\"; --column-width:12;\" data-width=\"12\" data-bt-override-class=\"{}\"><div class=\"bt_bb_column_content\"><div class=\"bt_bb_column_content_inner\"><\/div><\/div><\/div><\/div><\/div><\/div><!-- cell_inner --><\/div><!-- cell --><\/div><!-- port --><\/section><section id=\"bt_bb_section69f10b74e010d\" class=\"bt_bb_section bt_bb_layout_boxed_1200 bt_bb_vertical_align_top\" style=\";background-color:#ffffff;\" data-bt-override-class=\"null\"><div class=\"bt_bb_port\"><div class=\"bt_bb_cell\"><div class=\"bt_bb_cell_inner\"><div class=\"bt_bb_row \"  data-bt-override-class=\"{}\"><div class=\"bt_bb_row_holder\" ><div  class=\"bt_bb_column col-xxl-12 col-xl-12 col-xs-12 col-sm-12 col-md-12 col-lg-12 bt_bb_vertical_align_top bt_bb_align_left bt_bb_padding_normal\" style=\"; --column-width:12;\" data-width=\"12\" data-bt-override-class=\"{}\"><div class=\"bt_bb_column_content\"><div class=\"bt_bb_column_content_inner\"><header class=\"bt_bb_headline bt_bb_dash_none bt_bb_size_normal bt_bb_align_center\"><h5><span class=\"bt_bb_headline_content\"><span >Sprawd\u017a katalogi:<\/span><\/span><\/h5><\/header><div class=\"bt_bb_separator_v2 bt_bb_border_style_none bt_bb_top_spacing_normal bt_bb_bottom_spacing_small bt_bb_icon_size_normal bt_bb_text_size_normal bt_bb_separator_v2_without_content\" data-bt-override-class=\"null\"><div class=\"bt_bb_separator_v2_inner\"><span class=\"bt_bb_separator_v2_inner_before\"><\/span><span class=\"bt_bb_separator_v2_inner_content\"><span  data-ico-=\"\" class=\"bt_bb_icon_holder\"><\/span><\/span><span class=\"bt_bb_separator_v2_inner_after\"><\/span><\/div><\/div><\/div><\/div><\/div><\/div><\/div><div class=\"bt_bb_row \"  data-bt-override-class=\"{}\"><div class=\"bt_bb_row_holder\" ><div  class=\"bt_bb_column col-xxl-2_4 col-xl-2_4 col-xs-12 col-sm-12 col-md-12 col-lg-2_4 bt_bb_vertical_align_middle bt_bb_align_center bt_bb_padding_normal\" style=\"; --column-width:2.4;\" data-width=\"2.4\" data-bt-override-class=\"{&quot;bt_bb_align_&quot;:{&quot;current_class&quot;:&quot;bt_bb_align_center&quot;,&quot;def&quot;:&quot;center&quot;,&quot;xl&quot;:&quot;center&quot;}}\"><div class=\"bt_bb_column_content\"><div class=\"bt_bb_column_content_inner\"><\/div><\/div><\/div><div  class=\"bt_bb_column col-xxl-2_4 col-xl-2_4 col-xs-12 col-sm-12 col-md-12 col-lg-2_4 bt_bb_vertical_align_middle bt_bb_align_center bt_bb_padding_normal\" style=\"; --column-width:2.4;\" data-width=\"2.4\" data-bt-override-class=\"{&quot;bt_bb_align_&quot;:{&quot;current_class&quot;:&quot;bt_bb_align_center&quot;,&quot;def&quot;:&quot;center&quot;,&quot;xl&quot;:&quot;center&quot;}}\"><div class=\"bt_bb_column_content\"><div class=\"bt_bb_column_content_inner\"><\/div><\/div><\/div><div  class=\"bt_bb_column col-xxl-2_4 col-xl-2_4 col-xs-12 col-sm-12 col-md-12 col-lg-2_4 bt_bb_vertical_align_middle bt_bb_align_center bt_bb_padding_normal\" style=\"; --column-width:2.4;\" data-width=\"2.4\" data-bt-override-class=\"{&quot;bt_bb_align_&quot;:{&quot;current_class&quot;:&quot;bt_bb_align_center&quot;,&quot;def&quot;:&quot;center&quot;,&quot;xl&quot;:&quot;center&quot;}}\"><div class=\"bt_bb_column_content\"><div class=\"bt_bb_column_content_inner\"><div class=\"bt_bb_image bt_bb_shape_square bt_bb_target_blank bt_bb_align_center bt_bb_hover_style_zoom-in bt_bb_content_display_always bt_bb_content_align_middle bt_bb_inner_padding_15\" data-bt-override-class=\"{&quot;bt_bb_align_&quot;:{&quot;current_class&quot;:&quot;bt_bb_align_center&quot;,&quot;def&quot;:&quot;center&quot;,&quot;xl&quot;:&quot;center&quot;}}\"><a href=\"\/katalogi\/elektryczne-systemy-grzejne\/elektra.pdf\"  target=\"_blank\" title=\"elektra\"><img loading=\"lazy\" decoding=\"async\" width=\"116\" height=\"40\" src=\"https:\/\/www.energores.pl\/wp-content\/uploads\/2021\/03\/elektra.jpg\" class=\"attachment-full size-full\" alt=\"https:\/\/www.energores.pl\/wp-content\/uploads\/2021\/03\/elektra.jpg\" data-full_image_src=\"https:\/\/www.energores.pl\/wp-content\/uploads\/2021\/03\/elektra.jpg\" title=\"elektra\" \/><\/a><\/div><div class=\"bt_bb_separator_v2 bt_bb_border_style_none bt_bb_top_spacing_normal bt_bb_bottom_spacing_normal bt_bb_icon_size_normal bt_bb_text_size_normal bt_bb_separator_v2_without_content\" data-bt-override-class=\"null\"><div class=\"bt_bb_separator_v2_inner\"><span class=\"bt_bb_separator_v2_inner_before\"><\/span><span class=\"bt_bb_separator_v2_inner_content\"><span  data-ico-=\"\" class=\"bt_bb_icon_holder\"><\/span><\/span><span class=\"bt_bb_separator_v2_inner_after\"><\/span><\/div><\/div><\/div><\/div><\/div><div  class=\"bt_bb_column col-xxl-2_4 col-xl-2_4 col-xs-12 col-sm-12 col-md-12 col-lg-2_4 bt_bb_vertical_align_middle bt_bb_align_center bt_bb_padding_normal\" style=\"; --column-width:2.4;\" data-width=\"2.4\" data-bt-override-class=\"{&quot;bt_bb_align_&quot;:{&quot;current_class&quot;:&quot;bt_bb_align_center&quot;,&quot;def&quot;:&quot;center&quot;,&quot;xl&quot;:&quot;center&quot;}}\"><div class=\"bt_bb_column_content\"><div class=\"bt_bb_column_content_inner\"><\/div><\/div><\/div><div  class=\"bt_bb_column col-xxl-2_4 col-xl-2_4 col-xs-12 col-sm-12 col-md-12 col-lg-2_4 bt_bb_vertical_align_middle bt_bb_align_center bt_bb_padding_normal\" style=\"; --column-width:2.4;\" data-width=\"2.4\" data-bt-override-class=\"{&quot;bt_bb_align_&quot;:{&quot;current_class&quot;:&quot;bt_bb_align_center&quot;,&quot;def&quot;:&quot;center&quot;,&quot;xl&quot;:&quot;center&quot;}}\"><div class=\"bt_bb_column_content\"><div class=\"bt_bb_column_content_inner\"><\/div><\/div><\/div><\/div><\/div><\/div><!-- cell_inner --><\/div><!-- cell --><\/div><!-- port --><\/section><section id=\"bt_bb_section69f10b74e25a1\" class=\"bt_bb_section bt_bb_layout_boxed_1200 bt_bb_vertical_align_top bt_bb_top_spacing_medium bt_bb_bottom_spacing_medium\"  data-bt-override-class=\"null\"><div class=\"bt_bb_background_image_holder_wrapper\"><div class=\"bt_bb_background_image_holder btLazyLoadBackground\"  data-background_image_src=\"https:\/\/www.energores.pl\/wp-content\/uploads\/2018\/10\/inner_blue_04.jpg\" data-parallax-zoom-start=\"1\" data-parallax-zoom-end=\"1\" data-parallax-blur-start=\"0\" data-parallax-blur-end=\"0\" data-parallax-opacity-start=\"1\" data-parallax-opacity-end=\"1\" style=\" background-image: url(&#039;https:\/\/www.energores.pl\/wp-content\/plugins\/bold-page-builder\/img\/blank.gif&#039;);\"><\/div><\/div><div class=\"bt_bb_port\"><div class=\"bt_bb_cell\"><div class=\"bt_bb_cell_inner\"><div class=\"bt_bb_row \"  data-bt-override-class=\"{}\"><div class=\"bt_bb_row_holder\" ><div  class=\"bt_bb_column col-xxl-12 col-xl-12 col-xs-12 col-sm-12 col-md-12 col-lg-12 bt_bb_vertical_align_top bt_bb_align_left bt_bb_padding_normal\" style=\"; --column-width:12;\" data-width=\"12\" data-bt-override-class=\"{}\"><div class=\"bt_bb_column_content\"><div class=\"bt_bb_column_content_inner\"><header class=\"bt_bb_headline bt_bb_font_weight_bold bt_bb_dash_none bt_bb_size_large bt_bb_align_center\" style=\";color:#ffffff;border-color:#ffffff;\"><h5><span class=\"bt_bb_headline_content\"><span >Nasze realizacje<\/span><\/span><\/h5><\/header><div class=\"bt_bb_separator_v2 bt_bb_border_style_none bt_bb_bottom_spacing_medium bt_bb_icon_size_normal bt_bb_text_size_normal bt_bb_separator_v2_without_content\" data-bt-override-class=\"null\"><div class=\"bt_bb_separator_v2_inner\"><span class=\"bt_bb_separator_v2_inner_before\"><\/span><span class=\"bt_bb_separator_v2_inner_content\"><span  data-ico-=\"\" class=\"bt_bb_icon_holder\"><\/span><\/span><span class=\"bt_bb_separator_v2_inner_after\"><\/span><\/div><\/div><div class=\"bt_bb_masonry_image_grid bt_bb_grid_container bt_bb_columns_4 bt_bb_gap_large\" data-columns=\"4\"><div class=\"bt_bb_masonry_post_image_content\" data-columns=\"4\"><div class=\"bt_bb_grid_sizer\"><\/div><div class=\"bt_bb_grid_item bt_bb_tile_format11\" data-hw=\"0.73969072164948\" data-src=\"https:\/\/www.energores.pl\/wp-content\/uploads\/2021\/03\/elektryczne-systemy-grzewcze1.jpg\" data-src-full=\"https:\/\/www.energores.pl\/wp-content\/uploads\/2021\/03\/elektryczne-systemy-grzewcze1.jpg\" data-title=\"elektryczne-systemy-grzewcze1\"><div class=\"bt_bb_grid_item_inner\" data-hw=\"0.73969072164948\" ><div class=\"bt_bb_grid_item_inner_image\"><\/div><div class=\"bt_bb_grid_item_inner_content\"><\/div><\/div><\/div><div class=\"bt_bb_grid_item bt_bb_tile_format11\" data-hw=\"0.73969072164948\" data-src=\"https:\/\/www.energores.pl\/wp-content\/uploads\/2021\/03\/elektryczne-systemy-grzewcze2.jpg\" data-src-full=\"https:\/\/www.energores.pl\/wp-content\/uploads\/2021\/03\/elektryczne-systemy-grzewcze2.jpg\" data-title=\"elektryczne-systemy-grzewcze2\"><div class=\"bt_bb_grid_item_inner\" data-hw=\"0.73969072164948\" ><div class=\"bt_bb_grid_item_inner_image\"><\/div><div class=\"bt_bb_grid_item_inner_content\"><\/div><\/div><\/div><div class=\"bt_bb_grid_item bt_bb_tile_format11\" data-hw=\"0.73969072164948\" data-src=\"https:\/\/www.energores.pl\/wp-content\/uploads\/2021\/03\/elektryczne-systemy-grzewcze3.jpg\" data-src-full=\"https:\/\/www.energores.pl\/wp-content\/uploads\/2021\/03\/elektryczne-systemy-grzewcze3.jpg\" data-title=\"elektryczne-systemy-grzewcze3\"><div class=\"bt_bb_grid_item_inner\" data-hw=\"0.73969072164948\" ><div class=\"bt_bb_grid_item_inner_image\"><\/div><div class=\"bt_bb_grid_item_inner_content\"><\/div><\/div><\/div><\/div><\/div><\/div><\/div><\/div><\/div><\/div><\/div><!-- cell_inner --><\/div><!-- cell --><\/div><!-- port --><\/section><section id=\"bt_bb_section69f10b74e5084\" class=\"bt_bb_section bt_bb_layout_boxed_1200 bt_bb_vertical_align_top bt_bb_top_spacing_large bt_bb_bottom_spacing_large\"  data-bt-override-class=\"null\"><div class=\"bt_bb_background_image_holder_wrapper\"><div class=\"bt_bb_background_image_holder btLazyLoadBackground bt_bb_parallax\"  data-background_image_src=\"https:\/\/www.energores.pl\/wp-content\/uploads\/2018\/10\/background_faucet_01.jpg\" data-parallax=\"0.7\" data-parallax-offset=\"0\" data-parallax-zoom-start=\"1\" data-parallax-zoom-end=\"1\" data-parallax-blur-start=\"0\" data-parallax-blur-end=\"0\" data-parallax-opacity-start=\"1\" data-parallax-opacity-end=\"1\" style=\" background-image: url(&#039;https:\/\/www.energores.pl\/wp-content\/plugins\/bold-page-builder\/img\/blank.gif&#039;);\"><\/div><\/div><div class=\"bt_bb_port\"><div class=\"bt_bb_cell\"><div class=\"bt_bb_cell_inner\"><div class=\"bt_bb_row \"  data-bt-override-class=\"{}\"><div class=\"bt_bb_row_holder\" ><div  class=\"bt_bb_column col-xxl-6 col-xl-6 bt_bb_vertical_align_top bt_bb_align_left bt_bb_padding_normal\" style=\"; --column-width:6;\" data-width=\"6\" data-bt-override-class=\"{}\"><div class=\"bt_bb_column_content\"><div class=\"bt_bb_column_content_inner\"><\/div><\/div><\/div><div  class=\"bt_bb_column col-xxl-6 col-xl-6 bt_bb_vertical_align_top bt_bb_align_left bt_bb_padding_normal bt_bb_animation_fade_in animate\" style=\"; --column-width:6;\" data-width=\"6\" data-bt-override-class=\"{}\"><div class=\"bt_bb_column_content\"><div class=\"bt_bb_column_content_inner\"><header class=\"bt_bb_headline bt_bb_subheadline_font_weight_normal bt_bb_dash_none bt_bb_size_large bt_bb_subheadline bt_bb_align_inherit\"><h2><span class=\"bt_bb_headline_content\"><span ><b>Monta\u017c elektrycznych system\u00f3w grzejnych<\/b> Rzesz\u00f3w<br \/><br \/>\n<\/span><\/span><\/h2><div class=\"bt_bb_headline_subheadline\">Zapewniamy profesjonalny monta\u017c oraz serwis klimatyzacji w Rzeszowie. Najwy\u017csza jako\u015b\u0107 us\u0142ug!<\/div><\/header><div class=\"bt_bb_separator_v2 bt_bb_border_style_none bt_bb_bottom_spacing_medium bt_bb_icon_size_normal bt_bb_text_size_normal bt_bb_separator_v2_without_content\" data-bt-override-class=\"null\"><div class=\"bt_bb_separator_v2_inner\"><span class=\"bt_bb_separator_v2_inner_before\"><\/span><span class=\"bt_bb_separator_v2_inner_content\"><span  data-ico-=\"\" class=\"bt_bb_icon_holder\"><\/span><\/span><span class=\"bt_bb_separator_v2_inner_after\"><\/span><\/div><\/div><div class=\"bt_bb_service bt_bb_color_scheme_3 bt_bb_style_borderless bt_bb_size_xsmall bt_bb_shape_circle bt_bb_align_inherit bt_bb_title_size_large btNoText\"><span  data-ico-fontawesome=\"&#xf00c;\" class=\"bt_bb_icon_holder\"><\/span><div class=\"bt_bb_service_content\"><div class=\"bt_bb_service_content_title\">Najlepsze urz\u0105dzenia<\/div><\/div><\/div><div class=\"bt_bb_separator_v2 bt_bb_border_style_none bt_bb_bottom_spacing_small bt_bb_icon_size_normal bt_bb_text_size_normal bt_bb_separator_v2_without_content\" data-bt-override-class=\"null\"><div class=\"bt_bb_separator_v2_inner\"><span class=\"bt_bb_separator_v2_inner_before\"><\/span><span class=\"bt_bb_separator_v2_inner_content\"><span  data-ico-=\"\" class=\"bt_bb_icon_holder\"><\/span><\/span><span class=\"bt_bb_separator_v2_inner_after\"><\/span><\/div><\/div><div class=\"bt_bb_service bt_bb_color_scheme_3 bt_bb_style_borderless bt_bb_size_xsmall bt_bb_shape_circle bt_bb_align_inherit bt_bb_title_size_large btNoText\"><span  data-ico-fontawesome=\"&#xf00c;\" class=\"bt_bb_icon_holder\"><\/span><div class=\"bt_bb_service_content\"><div class=\"bt_bb_service_content_title\">Fachowe doradztwo<\/div><\/div><\/div><div class=\"bt_bb_separator_v2 bt_bb_border_style_none bt_bb_bottom_spacing_small bt_bb_icon_size_normal bt_bb_text_size_normal bt_bb_separator_v2_without_content\" data-bt-override-class=\"null\"><div class=\"bt_bb_separator_v2_inner\"><span class=\"bt_bb_separator_v2_inner_before\"><\/span><span class=\"bt_bb_separator_v2_inner_content\"><span  data-ico-=\"\" class=\"bt_bb_icon_holder\"><\/span><\/span><span class=\"bt_bb_separator_v2_inner_after\"><\/span><\/div><\/div><div class=\"bt_bb_service bt_bb_color_scheme_3 bt_bb_style_borderless bt_bb_size_xsmall bt_bb_shape_circle bt_bb_align_inherit bt_bb_title_size_large btNoText\"><span  data-ico-fontawesome=\"&#xf00c;\" class=\"bt_bb_icon_holder\"><\/span><div class=\"bt_bb_service_content\"><div class=\"bt_bb_service_content_title\">Najlepszy serwis elektrycznych system\u00f3w grzejnych<\/div><\/div><\/div><div class=\"bt_bb_separator_v2 bt_bb_border_style_none bt_bb_bottom_spacing_medium bt_bb_icon_size_normal bt_bb_text_size_normal bt_bb_separator_v2_without_content\" data-bt-override-class=\"null\"><div class=\"bt_bb_separator_v2_inner\"><span class=\"bt_bb_separator_v2_inner_before\"><\/span><span class=\"bt_bb_separator_v2_inner_content\"><span  data-ico-=\"\" class=\"bt_bb_icon_holder\"><\/span><\/span><span class=\"bt_bb_separator_v2_inner_after\"><\/span><\/div><\/div><\/div><\/div><\/div><\/div><\/div><\/div><!-- cell_inner --><\/div><!-- cell --><\/div><!-- port --><\/section><\/p>\n","protected":false},"excerpt":{"rendered":"","protected":false},"author":1,"featured_media":0,"parent":2290,"menu_order":0,"comment_status":"closed","ping_status":"closed","template":"","meta":{"footnotes":""},"class_list":["post-4004","page","type-page","status-publish","hentry"],"_links":{"self":[{"href":"https:\/\/www.energores.pl\/index.php?rest_route=\/wp\/v2\/pages\/4004","targetHints":{"allow":["GET"]}}],"collection":[{"href":"https:\/\/www.energores.pl\/index.php?rest_route=\/wp\/v2\/pages"}],"about":[{"href":"https:\/\/www.energores.pl\/index.php?rest_route=\/wp\/v2\/types\/page"}],"author":[{"embeddable":true,"href":"https:\/\/www.energores.pl\/index.php?rest_route=\/wp\/v2\/users\/1"}],"replies":[{"embeddable":true,"href":"https:\/\/www.energores.pl\/index.php?rest_route=%2Fwp%2Fv2%2Fcomments&post=4004"}],"version-history":[{"count":5,"href":"https:\/\/www.energores.pl\/index.php?rest_route=\/wp\/v2\/pages\/4004\/revisions"}],"predecessor-version":[{"id":4063,"href":"https:\/\/www.energores.pl\/index.php?rest_route=\/wp\/v2\/pages\/4004\/revisions\/4063"}],"up":[{"embeddable":true,"href":"https:\/\/www.energores.pl\/index.php?rest_route=\/wp\/v2\/pages\/2290"}],"wp:attachment":[{"href":"https:\/\/www.energores.pl\/index.php?rest_route=%2Fwp%2Fv2%2Fmedia&parent=4004"}],"curies":[{"name":"wp","href":"https:\/\/api.w.org\/{rel}","templated":true}]}}